{"id":4812,"date":"2025-04-15T12:39:13","date_gmt":"2025-04-15T10:39:13","guid":{"rendered":"https:\/\/alevrofasguitar.dk\/?page_id=4812"},"modified":"2025-08-19T21:04:08","modified_gmt":"2025-08-19T19:04:08","slug":"terms-conditions","status":"publish","type":"page","link":"https:\/\/alevrofasguitar.dk\/da\/terms-conditions\/","title":{"rendered":"Terms &#038; conditions"},"content":{"rendered":"<div data-elementor-type=\"wp-page\" data-elementor-id=\"4812\" class=\"elementor elementor-4812\">\n\t\t\t\t\t\t\t\t\t<section class=\"elementor-section elementor-top-section elementor-element elementor-element-261f307 elementor-section-boxed elementor-section-height-default elementor-section-height-default\" data-id=\"261f307\" data-element_type=\"section\" data-settings=\"{&quot;background_background&quot;:&quot;classic&quot;}\">\n\t\t\t\t\t\t\t<div class=\"elementor-background-overlay\"><\/div>\n\t\t\t\t\t\t\t<div class=\"elementor-container elementor-column-gap-no\">\n\t\t\t\t\t<div class=\"elementor-column elementor-col-100 elementor-top-column elementor-element elementor-element-b102e20\" data-id=\"b102e20\" data-element_type=\"column\">\n\t\t\t<div class=\"elementor-widget-wrap elementor-element-populated\">\n\t\t\t\t\t\t\t\t<div class=\"elementor-element elementor-element-f200f6c elementor-widget elementor-widget-heading\" data-id=\"f200f6c\" data-element_type=\"widget\" data-widget_type=\"heading.default\">\n\t\t\t\t<div class=\"elementor-widget-container\">\n\t\t\t<h1 class=\"elementor-heading-title elementor-size-xl\">Terms and conditions<\/h1>\t\t<\/div>\n\t\t\t\t<\/div>\n\t\t\t\t<div class=\"elementor-element elementor-element-1cf916b elementor-widget-divider--view-line elementor-widget elementor-widget-divider\" data-id=\"1cf916b\" data-element_type=\"widget\" data-widget_type=\"divider.default\">\n\t\t\t\t<div class=\"elementor-widget-container\">\n\t\t\t\t\t<div class=\"elementor-divider\">\n\t\t\t<span class=\"elementor-divider-separator\">\n\t\t\t\t\t\t<\/span>\n\t\t<\/div>\n\t\t\t\t<\/div>\n\t\t\t\t<\/div>\n\t\t\t\t\t<\/div>\n\t\t<\/div>\n\t\t\t\t\t\t\t<\/div>\n\t\t<\/section>\n\t\t\t\t<section class=\"elementor-section elementor-top-section elementor-element elementor-element-37836e0 elementor-section-boxed elementor-section-height-default elementor-section-height-default\" data-id=\"37836e0\" data-element_type=\"section\" data-settings=\"{&quot;background_background&quot;:&quot;classic&quot;}\">\n\t\t\t\t\t\t<div class=\"elementor-container elementor-column-gap-default\">\n\t\t\t\t\t<div class=\"elementor-column elementor-col-100 elementor-top-column elementor-element elementor-element-775158b\" data-id=\"775158b\" data-element_type=\"column\">\n\t\t\t<div class=\"elementor-widget-wrap elementor-element-populated\">\n\t\t\t\t\t\t\t\t<div class=\"elementor-element elementor-element-c485f9f elementor-widget elementor-widget-text-editor\" data-id=\"c485f9f\" data-element_type=\"widget\" data-widget_type=\"text-editor.default\">\n\t\t\t\t<div class=\"elementor-widget-container\">\n\t\t\t\t\t\t\t<p><!-- wp:heading {\"level\":6} --><\/p>\n<p><!-- \/wp:heading --><!-- wp:heading --><\/p>\n<h2>Guitarlektioner<\/h2>\n<p><!-- \/wp:heading --><!-- wp:paragraph {\"textColor\":\"black\"} --><\/p>\n<p class=\"has-black-color has-text-color\">Fakturaen skal betales inden f\u00f8rste lektion. Udl\u00f8bsdatoen for undervisningen vil altid v\u00e6re tydeligt skrevet p\u00e5 fakturaen. De lektioner og datoer, der er skrevet p\u00e5 fakturaen, bekr\u00e6ftes, n\u00e5r fakturaen er betalt.<\/p>\n<p><!-- \/wp:paragraph --><!-- wp:list {\"textColor\":\"black\"} --><\/p>\n<ul class=\"has-black-color has-text-color\">\n<li>Pakken med 5 lektioner er gyldig i tre m\u00e5neder efter, at fakturaen er betalt.<\/li>\n<li>The package of 10 lessons is valid for six months after the invoice is paid.<\/li>\n<li>The package of 15 lessons is valid for eight months after the invoice is paid.<\/li>\n<li>The package of 20 lessons is valid for twelve months after the invoice is paid.<\/li>\n<\/ul>\n<p><!-- \/wp:list --><!-- wp:paragraph {\"textColor\":\"black\"} --><\/p>\n<p class=\"has-black-color has-text-color\">Alle lektioner varer en time. Du kan v\u00e6lge at have l\u00e6ngere lektioner, hvis du \u00f8nsker det, men det skal aftales p\u00e5 forh\u00e5nd.<\/p>\n<p><!-- \/wp:paragraph --><!-- wp:paragraph {\"textColor\":\"black\"} --><\/p>\n<p class=\"has-black-color has-text-color\">Alle timerne foreg\u00e5r i min lejlighed i Kongens Lyngby indtil videre.<\/p>\n<p><!-- \/wp:paragraph --><!-- wp:paragraph {\"textColor\":\"black\"} --><\/p>\n<p class=\"has-black-color has-text-color\"><strong>Lektionerne kan ikke refunderes.<\/strong><\/p>\n<p><!-- \/wp:paragraph --><!-- wp:heading {\"level\":5} --><\/p>\n<h3><strong>\u00a0<\/strong><\/h3>\n<h2><strong>Sygdom og afbud<\/strong><\/h2>\n<p><!-- \/wp:heading --><!-- wp:paragraph {\"textColor\":\"black\"} --><\/p>\n<p class=\"has-black-color has-text-color\">Vi bliver alle syge, og der dukker uventede ting op, men der skal v\u00e6re gr\u00e6nser og undtagelser for antallet af afbud.<\/p>\n<p><!-- \/wp:paragraph --><!-- wp:paragraph {\"textColor\":\"black\"} --><\/p>\n<p class=\"has-black-color has-text-color\">Hvis en guitarlektion bliver aflyst\u00a0<strong>mindre end 20 timer*<\/strong>\u00a0before the lesson starts, the teacher is\u00a0not\u00a0required neither to refund the payment nor to reschedule it. This condition might not apply to acute medical reasons.<\/p>\n<p><!-- \/wp:paragraph --><!-- wp:paragraph {\"textColor\":\"black\"} --><\/p>\n<p class=\"has-black-color has-text-color\"><strong>*<\/strong>Hvis eleven bliver syg, skal underviseren informeres mindst 8 timer f\u00f8r undervisningsstart, s\u00e5 underviser har mulighed for at oml\u00e6gge undervisningen enten p\u00e5 lokationen eller online.<\/p>\n<p><!-- \/wp:paragraph --><!-- wp:paragraph {\"textColor\":\"black\"} --><\/p>\n<p class=\"has-black-color has-text-color\">The student can reschedule a lesson twice. If the lesson is rescheduled a third time, the lesson is lost.\u00a0<\/p>\n<p><!-- \/wp:paragraph --><!-- wp:paragraph {\"textColor\":\"black\"} --><\/p>\n<p class=\"has-black-color has-text-color\">Hvis l\u00e6reren aflyser p\u00e5 grund af sygdom eller en n\u00f8dsituation, flyttes lektionen automatisk uden at p\u00e5virke eleven overhovedet.<\/p>\n<p><!-- \/wp:paragraph --><!-- wp:paragraph {\"textColor\":\"black\"} --><\/p>\n<p class=\"has-black-color has-text-color\">Akut sygdom eller n\u00f8dsituationer (med andre ord aflysning p\u00e5 lektionsdagen med en uventet sygdom eller n\u00f8dsituation) kan undskyldes to gange i alt.<\/p>\n<p><!-- \/wp:paragraph --><!-- wp:paragraph {\"textColor\":\"black\"} --><\/p>\n<p class=\"has-black-color has-text-color\">Hvis du tager p\u00e5 ferie, vil undervisningen blive fastfrosset og forts\u00e6ttes, n\u00e5r du kommer tilbage. Jeg \u00f8nsker dig en god ferie!<\/p>\n<p><!-- \/wp:paragraph --><\/p>\t\t\t\t\t\t<\/div>\n\t\t\t\t<\/div>\n\t\t\t\t\t<\/div>\n\t\t<\/div>\n\t\t\t\t\t\t\t<\/div>\n\t\t<\/section>\n\t\t\t\t\t\t\t<\/div>","protected":false},"excerpt":{"rendered":"<p>Terms and conditions Guitar Lessons The invoice is to be paid prior to the start of the first lesson. The expiration date for the lessons will always be clearly written on the invoice.\u00a0The lessons and dates written in the invoice are confirmed once the invoice is paid. The package of 5 lessons is valid for &hellip;<\/p>\n<p class=\"read-more\"> <a class=\"\" href=\"https:\/\/alevrofasguitar.dk\/da\/terms-conditions\/\"> <span class=\"screen-reader-text\">Terms &#038; conditions<\/span> L\u00e6s mere &raquo;<\/a><\/p>","protected":false},"author":1,"featured_media":0,"parent":0,"menu_order":0,"comment_status":"closed","ping_status":"closed","template":"elementor_header_footer","meta":[],"yoast_head":"<!-- This site is optimized with the Yoast SEO plugin v18.5.1 - https:\/\/yoast.com\/wordpress\/plugins\/seo\/ -->\n<title>Terms &amp; conditions<\/title>\n<meta name=\"robots\" content=\"index, follow, max-snippet:-1, max-image-preview:large, max-video-preview:-1\" \/>\n<link rel=\"canonical\" href=\"https:\/\/alevrofasguitar.dk\/da\/terms-conditions\/\" \/>\n<meta property=\"og:locale\" content=\"da_DK\" \/>\n<meta property=\"og:type\" content=\"article\" \/>\n<meta property=\"og:title\" content=\"Terms &amp; conditions\" \/>\n<meta property=\"og:description\" content=\"Terms and conditions Guitar Lessons The invoice is to be paid prior to the start of the first lesson. The expiration date for the lessons will always be clearly written on the invoice.\u00a0The lessons and dates written in the invoice are confirmed once the invoice is paid. The package of 5 lessons is valid for &hellip; Terms &#038; conditions L\u00e6s mere &raquo;\" \/>\n<meta property=\"og:url\" content=\"https:\/\/alevrofasguitar.dk\/da\/terms-conditions\/\" \/>\n<meta property=\"og:site_name\" content=\"Alevrofas Guitar\" \/>\n<meta property=\"article:modified_time\" content=\"2025-08-19T19:04:08+00:00\" \/>\n<meta name=\"twitter:card\" content=\"summary\" \/>\n<meta name=\"twitter:label1\" content=\"Estimeret l\u00e6setid\" \/>\n\t<meta name=\"twitter:data1\" content=\"2 minutter\" \/>\n<script type=\"application\/ld+json\" class=\"yoast-schema-graph\">{\"@context\":\"https:\/\/schema.org\",\"@graph\":[{\"@type\":\"Organization\",\"@id\":\"https:\/\/alevrofasguitar.dk\/#organization\",\"name\":\"Alevrofas Guitar\",\"url\":\"https:\/\/alevrofasguitar.dk\/\",\"sameAs\":[],\"logo\":{\"@type\":\"ImageObject\",\"@id\":\"https:\/\/alevrofasguitar.dk\/#logo\",\"inLanguage\":\"da-DK\",\"url\":\"https:\/\/alevrofasguitar.dk\/wp-content\/uploads\/2018\/10\/alevrofas_guitar_logo.png\",\"contentUrl\":\"https:\/\/alevrofasguitar.dk\/wp-content\/uploads\/2018\/10\/alevrofas_guitar_logo.png\",\"width\":544,\"height\":180,\"caption\":\"Alevrofas Guitar\"},\"image\":{\"@id\":\"https:\/\/alevrofasguitar.dk\/#logo\"}},{\"@type\":\"WebSite\",\"@id\":\"https:\/\/alevrofasguitar.dk\/#website\",\"url\":\"https:\/\/alevrofasguitar.dk\/\",\"name\":\"Alevrofas Guitar\",\"description\":\"Guitar teacher, musician and performer\",\"publisher\":{\"@id\":\"https:\/\/alevrofasguitar.dk\/#organization\"},\"potentialAction\":[{\"@type\":\"SearchAction\",\"target\":{\"@type\":\"EntryPoint\",\"urlTemplate\":\"https:\/\/alevrofasguitar.dk\/?s={search_term_string}\"},\"query-input\":\"required name=search_term_string\"}],\"inLanguage\":\"da-DK\"},{\"@type\":\"WebPage\",\"@id\":\"https:\/\/alevrofasguitar.dk\/terms-conditions\/#webpage\",\"url\":\"https:\/\/alevrofasguitar.dk\/terms-conditions\/\",\"name\":\"Terms & conditions\",\"isPartOf\":{\"@id\":\"https:\/\/alevrofasguitar.dk\/#website\"},\"datePublished\":\"2025-04-15T10:39:13+00:00\",\"dateModified\":\"2025-08-19T19:04:08+00:00\",\"breadcrumb\":{\"@id\":\"https:\/\/alevrofasguitar.dk\/terms-conditions\/#breadcrumb\"},\"inLanguage\":\"da-DK\",\"potentialAction\":[{\"@type\":\"ReadAction\",\"target\":[\"https:\/\/alevrofasguitar.dk\/terms-conditions\/\"]}]},{\"@type\":\"BreadcrumbList\",\"@id\":\"https:\/\/alevrofasguitar.dk\/terms-conditions\/#breadcrumb\",\"itemListElement\":[{\"@type\":\"ListItem\",\"position\":1,\"name\":\"Hjem\",\"item\":\"https:\/\/alevrofasguitar.dk\/\"},{\"@type\":\"ListItem\",\"position\":2,\"name\":\"Terms &#038; conditions\"}]}]}<\/script>\n<!-- \/ Yoast SEO plugin. -->","yoast_head_json":{"title":"Terms & conditions","robots":{"index":"index","follow":"follow","max-snippet":"max-snippet:-1","max-image-preview":"max-image-preview:large","max-video-preview":"max-video-preview:-1"},"canonical":"https:\/\/alevrofasguitar.dk\/da\/terms-conditions\/","og_locale":"da_DK","og_type":"article","og_title":"Terms & conditions","og_description":"Terms and conditions Guitar Lessons The invoice is to be paid prior to the start of the first lesson. The expiration date for the lessons will always be clearly written on the invoice.\u00a0The lessons and dates written in the invoice are confirmed once the invoice is paid. The package of 5 lessons is valid for &hellip; Terms &#038; conditions L\u00e6s mere &raquo;","og_url":"https:\/\/alevrofasguitar.dk\/da\/terms-conditions\/","og_site_name":"Alevrofas Guitar","article_modified_time":"2025-08-19T19:04:08+00:00","twitter_card":"summary","twitter_misc":{"Estimeret l\u00e6setid":"2 minutter"},"schema":{"@context":"https:\/\/schema.org","@graph":[{"@type":"Organization","@id":"https:\/\/alevrofasguitar.dk\/#organization","name":"Alevrofas Guitar","url":"https:\/\/alevrofasguitar.dk\/","sameAs":[],"logo":{"@type":"ImageObject","@id":"https:\/\/alevrofasguitar.dk\/#logo","inLanguage":"da-DK","url":"https:\/\/alevrofasguitar.dk\/wp-content\/uploads\/2018\/10\/alevrofas_guitar_logo.png","contentUrl":"https:\/\/alevrofasguitar.dk\/wp-content\/uploads\/2018\/10\/alevrofas_guitar_logo.png","width":544,"height":180,"caption":"Alevrofas Guitar"},"image":{"@id":"https:\/\/alevrofasguitar.dk\/#logo"}},{"@type":"WebSite","@id":"https:\/\/alevrofasguitar.dk\/#website","url":"https:\/\/alevrofasguitar.dk\/","name":"Alevrofas Guitar","description":"Guitar teacher, musician and performer","publisher":{"@id":"https:\/\/alevrofasguitar.dk\/#organization"},"potentialAction":[{"@type":"SearchAction","target":{"@type":"EntryPoint","urlTemplate":"https:\/\/alevrofasguitar.dk\/?s={search_term_string}"},"query-input":"required name=search_term_string"}],"inLanguage":"da-DK"},{"@type":"WebPage","@id":"https:\/\/alevrofasguitar.dk\/terms-conditions\/#webpage","url":"https:\/\/alevrofasguitar.dk\/terms-conditions\/","name":"Terms & conditions","isPartOf":{"@id":"https:\/\/alevrofasguitar.dk\/#website"},"datePublished":"2025-04-15T10:39:13+00:00","dateModified":"2025-08-19T19:04:08+00:00","breadcrumb":{"@id":"https:\/\/alevrofasguitar.dk\/terms-conditions\/#breadcrumb"},"inLanguage":"da-DK","potentialAction":[{"@type":"ReadAction","target":["https:\/\/alevrofasguitar.dk\/terms-conditions\/"]}]},{"@type":"BreadcrumbList","@id":"https:\/\/alevrofasguitar.dk\/terms-conditions\/#breadcrumb","itemListElement":[{"@type":"ListItem","position":1,"name":"Hjem","item":"https:\/\/alevrofasguitar.dk\/"},{"@type":"ListItem","position":2,"name":"Terms &#038; conditions"}]}]}},"_links":{"self":[{"href":"https:\/\/alevrofasguitar.dk\/da\/wp-json\/wp\/v2\/pages\/4812"}],"collection":[{"href":"https:\/\/alevrofasguitar.dk\/da\/wp-json\/wp\/v2\/pages"}],"about":[{"href":"https:\/\/alevrofasguitar.dk\/da\/wp-json\/wp\/v2\/types\/page"}],"author":[{"embeddable":true,"href":"https:\/\/alevrofasguitar.dk\/da\/wp-json\/wp\/v2\/users\/1"}],"replies":[{"embeddable":true,"href":"https:\/\/alevrofasguitar.dk\/da\/wp-json\/wp\/v2\/comments?post=4812"}],"version-history":[{"count":28,"href":"https:\/\/alevrofasguitar.dk\/da\/wp-json\/wp\/v2\/pages\/4812\/revisions"}],"predecessor-version":[{"id":5003,"href":"https:\/\/alevrofasguitar.dk\/da\/wp-json\/wp\/v2\/pages\/4812\/revisions\/5003"}],"wp:attachment":[{"href":"https:\/\/alevrofasguitar.dk\/da\/wp-json\/wp\/v2\/media?parent=4812"}],"curies":[{"name":"wp","href":"https:\/\/api.w.org\/{rel}","templated":true}]}}