{"id":1555,"date":"2020-09-11T04:24:26","date_gmt":"2020-09-11T02:24:26","guid":{"rendered":"https:\/\/alevrofasguitar.dk\/contact-us\/"},"modified":"2025-08-19T20:54:37","modified_gmt":"2025-08-19T18:54:37","slug":"contact","status":"publish","type":"page","link":"https:\/\/alevrofasguitar.dk\/da\/contact\/","title":{"rendered":"Kontakt"},"content":{"rendered":"<div data-elementor-type=\"wp-page\" data-elementor-id=\"1555\" class=\"elementor elementor-1555\">\n\t\t\t\t\t\t\t\t\t<section class=\"elementor-section elementor-top-section elementor-element elementor-element-c3845a2 elementor-section-boxed elementor-section-height-default elementor-section-height-default\" data-id=\"c3845a2\" data-element_type=\"section\" data-settings=\"{&quot;background_background&quot;:&quot;classic&quot;}\">\n\t\t\t\t\t\t\t<div class=\"elementor-background-overlay\"><\/div>\n\t\t\t\t\t\t\t<div class=\"elementor-container elementor-column-gap-no\">\n\t\t\t\t\t<div class=\"elementor-column elementor-col-100 elementor-top-column elementor-element elementor-element-7a32dfa\" data-id=\"7a32dfa\" data-element_type=\"column\">\n\t\t\t<div class=\"elementor-widget-wrap elementor-element-populated\">\n\t\t\t\t\t\t\t\t<div class=\"elementor-element elementor-element-2361cf3 elementor-widget elementor-widget-heading\" data-id=\"2361cf3\" data-element_type=\"widget\" data-widget_type=\"heading.default\">\n\t\t\t\t<div class=\"elementor-widget-container\">\n\t\t\t<h1 class=\"elementor-heading-title elementor-size-xl\">Kontakt<\/h1>\t\t<\/div>\n\t\t\t\t<\/div>\n\t\t\t\t<div class=\"elementor-element elementor-element-9c86b98 elementor-widget-divider--view-line elementor-widget elementor-widget-divider\" data-id=\"9c86b98\" data-element_type=\"widget\" data-widget_type=\"divider.default\">\n\t\t\t\t<div class=\"elementor-widget-container\">\n\t\t\t\t\t<div class=\"elementor-divider\">\n\t\t\t<span class=\"elementor-divider-separator\">\n\t\t\t\t\t\t<\/span>\n\t\t<\/div>\n\t\t\t\t<\/div>\n\t\t\t\t<\/div>\n\t\t\t\t\t<\/div>\n\t\t<\/div>\n\t\t\t\t\t\t\t<\/div>\n\t\t<\/section>\n\t\t\t\t<section class=\"elementor-section elementor-top-section elementor-element elementor-element-291cc18 elementor-section-content-middle elementor-section-boxed elementor-section-height-default elementor-section-height-default\" data-id=\"291cc18\" data-element_type=\"section\" data-settings=\"{&quot;background_background&quot;:&quot;classic&quot;}\">\n\t\t\t\t\t\t<div class=\"elementor-container elementor-column-gap-no\">\n\t\t\t\t\t<div class=\"elementor-column elementor-col-100 elementor-top-column elementor-element elementor-element-f0f4342\" data-id=\"f0f4342\" data-element_type=\"column\">\n\t\t\t<div class=\"elementor-widget-wrap elementor-element-populated\">\n\t\t\t\t\t\t\t\t<section class=\"elementor-section elementor-inner-section elementor-element elementor-element-ca6d822 elementor-section-content-middle elementor-section-boxed elementor-section-height-default elementor-section-height-default\" data-id=\"ca6d822\" data-element_type=\"section\">\n\t\t\t\t\t\t<div class=\"elementor-container elementor-column-gap-default\">\n\t\t\t\t\t<div class=\"elementor-column elementor-col-50 elementor-inner-column elementor-element elementor-element-07a83fd\" data-id=\"07a83fd\" data-element_type=\"column\">\n\t\t\t<div class=\"elementor-widget-wrap elementor-element-populated\">\n\t\t\t\t\t\t\t\t<div class=\"elementor-element elementor-element-8cd4cef elementor-widget elementor-widget-heading\" data-id=\"8cd4cef\" data-element_type=\"widget\" data-widget_type=\"heading.default\">\n\t\t\t\t<div class=\"elementor-widget-container\">\n\t\t\t<h2 class=\"elementor-heading-title elementor-size-default\">Kontaktinfo<\/h2>\t\t<\/div>\n\t\t\t\t<\/div>\n\t\t\t\t<div class=\"elementor-element elementor-element-daa16e9 elementor-widget elementor-widget-text-editor\" data-id=\"daa16e9\" data-element_type=\"widget\" data-widget_type=\"text-editor.default\">\n\t\t\t\t<div class=\"elementor-widget-container\">\n\t\t\t\t\t\t\t<p>Send venligst en e-mail, SMS eller ring til mig for at booke mig til at spille musik, hvis du \u00f8nsker lektioner eller bare har sp\u00f8rgsm\u00e5l og kommentarer.<\/p>\t\t\t\t\t\t<\/div>\n\t\t\t\t<\/div>\n\t\t\t\t<div class=\"elementor-element elementor-element-97d811e elementor-icon-list--layout-traditional elementor-list-item-link-full_width elementor-widget elementor-widget-icon-list\" data-id=\"97d811e\" data-element_type=\"widget\" data-widget_type=\"icon-list.default\">\n\t\t\t\t<div class=\"elementor-widget-container\">\n\t\t\t\t\t<ul class=\"elementor-icon-list-items\">\n\t\t\t\t\t\t\t<li class=\"elementor-icon-list-item\">\n\t\t\t\t\t\t\t\t\t\t\t<span class=\"elementor-icon-list-icon\">\n\t\t\t\t\t\t\t<i aria-hidden=\"true\" class=\"fas fa-home\"><\/i>\t\t\t\t\t\t<\/span>\n\t\t\t\t\t\t\t\t\t\t<span class=\"elementor-icon-list-text\">2800 Kongens Lyngby<\/span>\n\t\t\t\t\t\t\t\t\t<\/li>\n\t\t\t\t\t\t\t\t<li class=\"elementor-icon-list-item\">\n\t\t\t\t\t\t\t\t\t\t\t<a href=\"tel:+4553553937\">\n\n\t\t\t\t\t\t\t\t\t\t\t\t<span class=\"elementor-icon-list-icon\">\n\t\t\t\t\t\t\t<i aria-hidden=\"true\" class=\"fas fa-phone\"><\/i>\t\t\t\t\t\t<\/span>\n\t\t\t\t\t\t\t\t\t\t<span class=\"elementor-icon-list-text\">+45 53 55 39 37<\/span>\n\t\t\t\t\t\t\t\t\t\t\t<\/a>\n\t\t\t\t\t\t\t\t\t<\/li>\n\t\t\t\t\t\t\t\t<li class=\"elementor-icon-list-item\">\n\t\t\t\t\t\t\t\t\t\t\t<a href=\"mailto:alevrofasguitar@gmail.com\">\n\n\t\t\t\t\t\t\t\t\t\t\t\t<span class=\"elementor-icon-list-icon\">\n\t\t\t\t\t\t\t<i aria-hidden=\"true\" class=\"fas fa-envelope\"><\/i>\t\t\t\t\t\t<\/span>\n\t\t\t\t\t\t\t\t\t\t<span class=\"elementor-icon-list-text\">alevrofasguitar@gmail.com<\/span>\n\t\t\t\t\t\t\t\t\t\t\t<\/a>\n\t\t\t\t\t\t\t\t\t<\/li>\n\t\t\t\t\t\t<\/ul>\n\t\t\t\t<\/div>\n\t\t\t\t<\/div>\n\t\t\t\t<div class=\"elementor-element elementor-element-1145620 elementor-widget elementor-widget-heading\" data-id=\"1145620\" data-element_type=\"widget\" data-widget_type=\"heading.default\">\n\t\t\t\t<div class=\"elementor-widget-container\">\n\t\t\t<h3 class=\"elementor-heading-title elementor-size-default\">Lad os connecte<\/h3>\t\t<\/div>\n\t\t\t\t<\/div>\n\t\t\t\t<div class=\"elementor-element elementor-element-4a3dadf elementor-widget elementor-widget-text-editor\" data-id=\"4a3dadf\" data-element_type=\"widget\" data-widget_type=\"text-editor.default\">\n\t\t\t\t<div class=\"elementor-widget-container\">\n\t\t\t\t\t\t\t<p>F\u00f8lg mig gerne p\u00e5 sociale medier, og tjek min originale musik p\u00e5 Soundcloud (til alle jer metalfans).<\/p>\t\t\t\t\t\t<\/div>\n\t\t\t\t<\/div>\n\t\t\t\t<div class=\"elementor-element elementor-element-c7d4ae2 elementor-align-left elementor-icon-list--layout-inline elementor-mobile-align-left elementor-list-item-link-full_width elementor-widget elementor-widget-icon-list\" data-id=\"c7d4ae2\" data-element_type=\"widget\" data-widget_type=\"icon-list.default\">\n\t\t\t\t<div class=\"elementor-widget-container\">\n\t\t\t\t\t<ul class=\"elementor-icon-list-items elementor-inline-items\">\n\t\t\t\t\t\t\t<li class=\"elementor-icon-list-item elementor-inline-item\">\n\t\t\t\t\t\t\t\t\t\t\t<a href=\"https:\/\/www.instagram.com\/georgios.alevrofas\/\">\n\n\t\t\t\t\t\t\t\t\t\t\t\t<span class=\"elementor-icon-list-icon\">\n\t\t\t\t\t\t\t<i aria-hidden=\"true\" class=\"fab fa-instagram\"><\/i>\t\t\t\t\t\t<\/span>\n\t\t\t\t\t\t\t\t\t\t<span class=\"elementor-icon-list-text\"><\/span>\n\t\t\t\t\t\t\t\t\t\t\t<\/a>\n\t\t\t\t\t\t\t\t\t<\/li>\n\t\t\t\t\t\t\t\t<li class=\"elementor-icon-list-item elementor-inline-item\">\n\t\t\t\t\t\t\t\t\t\t\t<a href=\"https:\/\/www.youtube.com\/channel\/UCuY-GBEnYIBOzr_LgcP-S5g\">\n\n\t\t\t\t\t\t\t\t\t\t\t\t<span class=\"elementor-icon-list-icon\">\n\t\t\t\t\t\t\t<i aria-hidden=\"true\" class=\"fab fa-youtube\"><\/i>\t\t\t\t\t\t<\/span>\n\t\t\t\t\t\t\t\t\t\t<span class=\"elementor-icon-list-text\"><\/span>\n\t\t\t\t\t\t\t\t\t\t\t<\/a>\n\t\t\t\t\t\t\t\t\t<\/li>\n\t\t\t\t\t\t\t\t<li class=\"elementor-icon-list-item elementor-inline-item\">\n\t\t\t\t\t\t\t\t\t\t\t<a href=\"https:\/\/soundcloud.com\/george-alevrofas-jr\">\n\n\t\t\t\t\t\t\t\t\t\t\t\t<span class=\"elementor-icon-list-icon\">\n\t\t\t\t\t\t\t<i aria-hidden=\"true\" class=\"fab fa-soundcloud\"><\/i>\t\t\t\t\t\t<\/span>\n\t\t\t\t\t\t\t\t\t\t<span class=\"elementor-icon-list-text\"><\/span>\n\t\t\t\t\t\t\t\t\t\t\t<\/a>\n\t\t\t\t\t\t\t\t\t<\/li>\n\t\t\t\t\t\t<\/ul>\n\t\t\t\t<\/div>\n\t\t\t\t<\/div>\n\t\t\t\t\t<\/div>\n\t\t<\/div>\n\t\t\t\t<div class=\"elementor-column elementor-col-50 elementor-inner-column elementor-element elementor-element-76934b9\" data-id=\"76934b9\" data-element_type=\"column\">\n\t\t\t<div class=\"elementor-widget-wrap elementor-element-populated\">\n\t\t\t\t\t\t\t\t<div class=\"elementor-element elementor-element-f825771 elementor-widget elementor-widget-image\" data-id=\"f825771\" data-element_type=\"widget\" data-widget_type=\"image.default\">\n\t\t\t\t<div class=\"elementor-widget-container\">\n\t\t\t\t\t\t\t\t\t\t\t\t\t\t\t<img width=\"960\" height=\"960\" src=\"https:\/\/alevrofasguitar.dk\/wp-content\/uploads\/2024\/09\/george-performance.jpg\" class=\"attachment-large size-large\" alt=\"\" loading=\"lazy\" srcset=\"https:\/\/alevrofasguitar.dk\/wp-content\/uploads\/2024\/09\/george-performance.jpg 960w, https:\/\/alevrofasguitar.dk\/wp-content\/uploads\/2024\/09\/george-performance-300x300.jpg 300w, https:\/\/alevrofasguitar.dk\/wp-content\/uploads\/2024\/09\/george-performance-150x150.jpg 150w, https:\/\/alevrofasguitar.dk\/wp-content\/uploads\/2024\/09\/george-performance-768x768.jpg 768w, https:\/\/alevrofasguitar.dk\/wp-content\/uploads\/2024\/09\/george-performance-12x12.jpg 12w\" sizes=\"(max-width: 960px) 100vw, 960px\" \/>\t\t\t\t\t\t\t\t\t\t\t\t\t\t\t<\/div>\n\t\t\t\t<\/div>\n\t\t\t\t\t<\/div>\n\t\t<\/div>\n\t\t\t\t\t\t\t<\/div>\n\t\t<\/section>\n\t\t\t\t\t<\/div>\n\t\t<\/div>\n\t\t\t\t\t\t\t<\/div>\n\t\t<\/section>\n\t\t\t\t<section class=\"elementor-section elementor-top-section elementor-element elementor-element-1d1f0a6 elementor-section-boxed elementor-section-height-default elementor-section-height-default\" data-id=\"1d1f0a6\" data-element_type=\"section\" data-settings=\"{&quot;background_background&quot;:&quot;classic&quot;}\">\n\t\t\t\t\t\t\t<div class=\"elementor-background-overlay\"><\/div>\n\t\t\t\t\t\t\t<div class=\"elementor-container elementor-column-gap-no\">\n\t\t\t\t\t<div class=\"elementor-column elementor-col-100 elementor-top-column elementor-element elementor-element-49e3e2d\" data-id=\"49e3e2d\" data-element_type=\"column\">\n\t\t\t<div class=\"elementor-widget-wrap elementor-element-populated\">\n\t\t\t\t\t\t\t\t<div class=\"elementor-element elementor-element-070e3aa elementor-widget elementor-widget-heading\" data-id=\"070e3aa\" data-element_type=\"widget\" data-widget_type=\"heading.default\">\n\t\t\t\t<div class=\"elementor-widget-container\">\n\t\t\t<h2 class=\"elementor-heading-title elementor-size-default\">Er du klar til at<br>forf\u00f8lge din dr\u00f8m?<\/h2>\t\t<\/div>\n\t\t\t\t<\/div>\n\t\t\t\t<div class=\"elementor-element elementor-element-aa6455c elementor-widget elementor-widget-text-editor\" data-id=\"aa6455c\" data-element_type=\"widget\" data-widget_type=\"text-editor.default\">\n\t\t\t\t<div class=\"elementor-widget-container\">\n\t\t\t\t\t\t\t<p>L\u00e6r at l\u00e6se musik, spille dine yndlingssange og udvid din musikalske verden.<\/p>\t\t\t\t\t\t<\/div>\n\t\t\t\t<\/div>\n\t\t\t\t<div class=\"elementor-element elementor-element-79fc9da elementor-align-center elementor-widget elementor-widget-button\" data-id=\"79fc9da\" data-element_type=\"widget\" data-widget_type=\"button.default\">\n\t\t\t\t<div class=\"elementor-widget-container\">\n\t\t\t\t\t<div class=\"elementor-button-wrapper\">\n\t\t\t<a href=\"https:\/\/alevrofasguitar.dk\/da\/book-guitar-lessons\/\" class=\"elementor-button-link elementor-button elementor-size-md\" role=\"button\">\n\t\t\t\t\t\t<span class=\"elementor-button-content-wrapper\">\n\t\t\t\t\t\t<span class=\"elementor-button-text\">Book din f\u00f8rste lektion<\/span>\n\t\t<\/span>\n\t\t\t\t\t<\/a>\n\t\t<\/div>\n\t\t\t\t<\/div>\n\t\t\t\t<\/div>\n\t\t\t\t\t<\/div>\n\t\t<\/div>\n\t\t\t\t\t\t\t<\/div>\n\t\t<\/section>\n\t\t\t\t\t\t\t<\/div>","protected":false},"excerpt":{"rendered":"<p>Contact Contact Info Please email me, send me an SMS, or call for bookings, lesson requests, and any questions you have in general. 2800 Kongens Lyngby +45 53 55 39 37 alevrofasguitar@gmail.com Let&#8217;s connect Feel free to follow me on social media, and check out my original music on Soundcloud (for all of you metal &hellip;<\/p>\n<p class=\"read-more\"> <a class=\"\" href=\"https:\/\/alevrofasguitar.dk\/da\/contact\/\"> <span class=\"screen-reader-text\">Kontakt<\/span> L\u00e6s mere &raquo;<\/a><\/p>","protected":false},"author":1,"featured_media":0,"parent":0,"menu_order":0,"comment_status":"closed","ping_status":"closed","template":"","meta":[],"yoast_head":"<!-- This site is optimized with the Yoast SEO plugin v18.5.1 - https:\/\/yoast.com\/wordpress\/plugins\/seo\/ -->\n<title>Contact me to book guitar lessons or hire me for musical events<\/title>\n<meta name=\"description\" content=\"Please email me or call for bookings, lesson requests, and any questions you have in general. alevrofasguitar@gmail.com\" \/>\n<meta name=\"robots\" content=\"index, follow, max-snippet:-1, max-image-preview:large, max-video-preview:-1\" \/>\n<link rel=\"canonical\" href=\"https:\/\/alevrofasguitar.dk\/da\/contact\/\" \/>\n<meta property=\"og:locale\" content=\"da_DK\" \/>\n<meta property=\"og:type\" content=\"article\" \/>\n<meta property=\"og:title\" content=\"Contact me to book guitar lessons or hire me for musical events\" \/>\n<meta property=\"og:description\" content=\"Please email me or call for bookings, lesson requests, and any questions you have in general. alevrofasguitar@gmail.com\" \/>\n<meta property=\"og:url\" content=\"https:\/\/alevrofasguitar.dk\/da\/contact\/\" \/>\n<meta property=\"og:site_name\" content=\"Alevrofas Guitar\" \/>\n<meta property=\"article:modified_time\" content=\"2025-08-19T18:54:37+00:00\" \/>\n<meta property=\"og:image\" content=\"https:\/\/alevrofasguitar.dk\/wp-content\/uploads\/2024\/09\/george-performance.jpg\" \/>\n<meta name=\"twitter:card\" content=\"summary\" \/>\n<meta name=\"twitter:label1\" content=\"Estimeret l\u00e6setid\" \/>\n\t<meta name=\"twitter:data1\" content=\"1 minut\" \/>\n<script type=\"application\/ld+json\" class=\"yoast-schema-graph\">{\"@context\":\"https:\/\/schema.org\",\"@graph\":[{\"@type\":\"Organization\",\"@id\":\"https:\/\/alevrofasguitar.dk\/#organization\",\"name\":\"Alevrofas Guitar\",\"url\":\"https:\/\/alevrofasguitar.dk\/\",\"sameAs\":[],\"logo\":{\"@type\":\"ImageObject\",\"@id\":\"https:\/\/alevrofasguitar.dk\/#logo\",\"inLanguage\":\"da-DK\",\"url\":\"https:\/\/alevrofasguitar.dk\/wp-content\/uploads\/2018\/10\/alevrofas_guitar_logo.png\",\"contentUrl\":\"https:\/\/alevrofasguitar.dk\/wp-content\/uploads\/2018\/10\/alevrofas_guitar_logo.png\",\"width\":544,\"height\":180,\"caption\":\"Alevrofas Guitar\"},\"image\":{\"@id\":\"https:\/\/alevrofasguitar.dk\/#logo\"}},{\"@type\":\"WebSite\",\"@id\":\"https:\/\/alevrofasguitar.dk\/#website\",\"url\":\"https:\/\/alevrofasguitar.dk\/\",\"name\":\"Alevrofas Guitar\",\"description\":\"Guitar teacher, musician and performer\",\"publisher\":{\"@id\":\"https:\/\/alevrofasguitar.dk\/#organization\"},\"potentialAction\":[{\"@type\":\"SearchAction\",\"target\":{\"@type\":\"EntryPoint\",\"urlTemplate\":\"https:\/\/alevrofasguitar.dk\/?s={search_term_string}\"},\"query-input\":\"required name=search_term_string\"}],\"inLanguage\":\"da-DK\"},{\"@type\":\"ImageObject\",\"@id\":\"https:\/\/alevrofasguitar.dk\/contact\/#primaryimage\",\"inLanguage\":\"da-DK\",\"url\":\"https:\/\/alevrofasguitar.dk\/wp-content\/uploads\/2024\/09\/george-performance.jpg\",\"contentUrl\":\"https:\/\/alevrofasguitar.dk\/wp-content\/uploads\/2024\/09\/george-performance.jpg\",\"width\":960,\"height\":960},{\"@type\":\"WebPage\",\"@id\":\"https:\/\/alevrofasguitar.dk\/contact\/#webpage\",\"url\":\"https:\/\/alevrofasguitar.dk\/contact\/\",\"name\":\"Contact me to book guitar lessons or hire me for musical events\",\"isPartOf\":{\"@id\":\"https:\/\/alevrofasguitar.dk\/#website\"},\"primaryImageOfPage\":{\"@id\":\"https:\/\/alevrofasguitar.dk\/contact\/#primaryimage\"},\"datePublished\":\"2020-09-11T02:24:26+00:00\",\"dateModified\":\"2025-08-19T18:54:37+00:00\",\"description\":\"Please email me or call for bookings, lesson requests, and any questions you have in general. alevrofasguitar@gmail.com\",\"breadcrumb\":{\"@id\":\"https:\/\/alevrofasguitar.dk\/contact\/#breadcrumb\"},\"inLanguage\":\"da-DK\",\"potentialAction\":[{\"@type\":\"ReadAction\",\"target\":[\"https:\/\/alevrofasguitar.dk\/contact\/\"]}]},{\"@type\":\"BreadcrumbList\",\"@id\":\"https:\/\/alevrofasguitar.dk\/contact\/#breadcrumb\",\"itemListElement\":[{\"@type\":\"ListItem\",\"position\":1,\"name\":\"Hjem\",\"item\":\"https:\/\/alevrofasguitar.dk\/\"},{\"@type\":\"ListItem\",\"position\":2,\"name\":\"Contact\"}]}]}<\/script>\n<!-- \/ Yoast SEO plugin. -->","yoast_head_json":{"title":"Contact me to book guitar lessons or hire me for musical events","description":"Please email me or call for bookings, lesson requests, and any questions you have in general. alevrofasguitar@gmail.com","robots":{"index":"index","follow":"follow","max-snippet":"max-snippet:-1","max-image-preview":"max-image-preview:large","max-video-preview":"max-video-preview:-1"},"canonical":"https:\/\/alevrofasguitar.dk\/da\/contact\/","og_locale":"da_DK","og_type":"article","og_title":"Contact me to book guitar lessons or hire me for musical events","og_description":"Please email me or call for bookings, lesson requests, and any questions you have in general. alevrofasguitar@gmail.com","og_url":"https:\/\/alevrofasguitar.dk\/da\/contact\/","og_site_name":"Alevrofas Guitar","article_modified_time":"2025-08-19T18:54:37+00:00","og_image":[{"url":"https:\/\/alevrofasguitar.dk\/wp-content\/uploads\/2024\/09\/george-performance.jpg"}],"twitter_card":"summary","twitter_misc":{"Estimeret l\u00e6setid":"1 minut"},"schema":{"@context":"https:\/\/schema.org","@graph":[{"@type":"Organization","@id":"https:\/\/alevrofasguitar.dk\/#organization","name":"Alevrofas Guitar","url":"https:\/\/alevrofasguitar.dk\/","sameAs":[],"logo":{"@type":"ImageObject","@id":"https:\/\/alevrofasguitar.dk\/#logo","inLanguage":"da-DK","url":"https:\/\/alevrofasguitar.dk\/wp-content\/uploads\/2018\/10\/alevrofas_guitar_logo.png","contentUrl":"https:\/\/alevrofasguitar.dk\/wp-content\/uploads\/2018\/10\/alevrofas_guitar_logo.png","width":544,"height":180,"caption":"Alevrofas Guitar"},"image":{"@id":"https:\/\/alevrofasguitar.dk\/#logo"}},{"@type":"WebSite","@id":"https:\/\/alevrofasguitar.dk\/#website","url":"https:\/\/alevrofasguitar.dk\/","name":"Alevrofas Guitar","description":"Guitar teacher, musician and performer","publisher":{"@id":"https:\/\/alevrofasguitar.dk\/#organization"},"potentialAction":[{"@type":"SearchAction","target":{"@type":"EntryPoint","urlTemplate":"https:\/\/alevrofasguitar.dk\/?s={search_term_string}"},"query-input":"required name=search_term_string"}],"inLanguage":"da-DK"},{"@type":"ImageObject","@id":"https:\/\/alevrofasguitar.dk\/contact\/#primaryimage","inLanguage":"da-DK","url":"https:\/\/alevrofasguitar.dk\/wp-content\/uploads\/2024\/09\/george-performance.jpg","contentUrl":"https:\/\/alevrofasguitar.dk\/wp-content\/uploads\/2024\/09\/george-performance.jpg","width":960,"height":960},{"@type":"WebPage","@id":"https:\/\/alevrofasguitar.dk\/contact\/#webpage","url":"https:\/\/alevrofasguitar.dk\/contact\/","name":"Contact me to book guitar lessons or hire me for musical events","isPartOf":{"@id":"https:\/\/alevrofasguitar.dk\/#website"},"primaryImageOfPage":{"@id":"https:\/\/alevrofasguitar.dk\/contact\/#primaryimage"},"datePublished":"2020-09-11T02:24:26+00:00","dateModified":"2025-08-19T18:54:37+00:00","description":"Please email me or call for bookings, lesson requests, and any questions you have in general. alevrofasguitar@gmail.com","breadcrumb":{"@id":"https:\/\/alevrofasguitar.dk\/contact\/#breadcrumb"},"inLanguage":"da-DK","potentialAction":[{"@type":"ReadAction","target":["https:\/\/alevrofasguitar.dk\/contact\/"]}]},{"@type":"BreadcrumbList","@id":"https:\/\/alevrofasguitar.dk\/contact\/#breadcrumb","itemListElement":[{"@type":"ListItem","position":1,"name":"Hjem","item":"https:\/\/alevrofasguitar.dk\/"},{"@type":"ListItem","position":2,"name":"Contact"}]}]}},"_links":{"self":[{"href":"https:\/\/alevrofasguitar.dk\/da\/wp-json\/wp\/v2\/pages\/1555"}],"collection":[{"href":"https:\/\/alevrofasguitar.dk\/da\/wp-json\/wp\/v2\/pages"}],"about":[{"href":"https:\/\/alevrofasguitar.dk\/da\/wp-json\/wp\/v2\/types\/page"}],"author":[{"embeddable":true,"href":"https:\/\/alevrofasguitar.dk\/da\/wp-json\/wp\/v2\/users\/1"}],"replies":[{"embeddable":true,"href":"https:\/\/alevrofasguitar.dk\/da\/wp-json\/wp\/v2\/comments?post=1555"}],"version-history":[{"count":53,"href":"https:\/\/alevrofasguitar.dk\/da\/wp-json\/wp\/v2\/pages\/1555\/revisions"}],"predecessor-version":[{"id":4972,"href":"https:\/\/alevrofasguitar.dk\/da\/wp-json\/wp\/v2\/pages\/1555\/revisions\/4972"}],"wp:attachment":[{"href":"https:\/\/alevrofasguitar.dk\/da\/wp-json\/wp\/v2\/media?parent=1555"}],"curies":[{"name":"wp","href":"https:\/\/api.w.org\/{rel}","templated":true}]}}